{"id":27,"date":"2020-06-26T09:10:34","date_gmt":"2020-06-26T09:10:34","guid":{"rendered":"http:\/\/premiumwoodworks.al\/?page_id=27"},"modified":"2024-09-10T21:53:15","modified_gmt":"2024-09-10T19:53:15","slug":"faqja-kryesore","status":"publish","type":"page","link":"https:\/\/premiumfurniture.al\/sq\/","title":{"rendered":"Faqja kryesore"},"content":{"rendered":"\t\t<div data-elementor-type=\"wp-page\" data-elementor-id=\"27\" class=\"elementor elementor-27\">\n\t\t\t\t\t\t<section class=\"elementor-section elementor-top-section elementor-element elementor-element-f6f6edb elementor-section-height-min-height elementor-section-boxed elementor-section-height-default elementor-section-items-middle\" data-id=\"f6f6edb\" data-element_type=\"section\" data-settings=\"{&quot;background_background&quot;:&quot;classic&quot;}\">\n\t\t\t\t\t\t\t<div class=\"elementor-background-overlay\"><\/div>\n\t\t\t\t\t\t\t<div class=\"elementor-container elementor-column-gap-default\">\n\t\t\t\t\t<div class=\"elementor-column elementor-col-100 elementor-top-column elementor-element elementor-element-2924213\" data-id=\"2924213\" data-element_type=\"column\">\n\t\t\t<div class=\"elementor-widget-wrap elementor-element-populated\">\n\t\t\t\t\t\t<section class=\"elementor-section elementor-inner-section elementor-element elementor-element-97e459b elementor-section-boxed elementor-section-height-default elementor-section-height-default\" data-id=\"97e459b\" data-element_type=\"section\" data-settings=\"{&quot;background_background&quot;:&quot;classic&quot;,&quot;animation_mobile&quot;:&quot;bounceInDown&quot;}\">\n\t\t\t\t\t\t\t<div class=\"elementor-background-overlay\"><\/div>\n\t\t\t\t\t\t\t<div class=\"elementor-container elementor-column-gap-default\">\n\t\t\t\t\t<div class=\"elementor-column elementor-col-100 elementor-inner-column elementor-element elementor-element-03e3f6b\" data-id=\"03e3f6b\" data-element_type=\"column\">\n\t\t\t<div class=\"elementor-widget-wrap elementor-element-populated\">\n\t\t\t\t\t\t<div class=\"elementor-element elementor-element-8b8025f elementor-widget elementor-widget-heading\" data-id=\"8b8025f\" data-element_type=\"widget\" data-widget_type=\"heading.default\">\n\t\t\t\t<div class=\"elementor-widget-container\">\n\t\t\t<h2 class=\"elementor-heading-title elementor-size-default\">Kur mendon p\u00ebr arredimin e ambientit t\u00ebnd<\/h2>\t\t<\/div>\n\t\t\t\t<\/div>\n\t\t\t\t<div class=\"elementor-element elementor-element-f497f55 elementor-widget elementor-widget-heading\" data-id=\"f497f55\" data-element_type=\"widget\" data-widget_type=\"heading.default\">\n\t\t\t\t<div class=\"elementor-widget-container\">\n\t\t\t<h2 class=\"elementor-heading-title elementor-size-default\">mendo PREMIUM<\/h2>\t\t<\/div>\n\t\t\t\t<\/div>\n\t\t\t\t<div class=\"elementor-element elementor-element-6f5e28e elementor-widget elementor-widget-heading\" data-id=\"6f5e28e\" data-element_type=\"widget\" data-widget_type=\"heading.default\">\n\t\t\t\t<div class=\"elementor-widget-container\">\n\t\t\t<h2 class=\"elementor-heading-title elementor-size-default\">EST. 1995<\/h2>\t\t<\/div>\n\t\t\t\t<\/div>\n\t\t\t\t\t<\/div>\n\t\t<\/div>\n\t\t\t\t\t<\/div>\n\t\t<\/section>\n\t\t<div class=\"elementor-element elementor-element-47cb185 e-flex e-con-boxed e-con e-parent\" data-id=\"47cb185\" data-element_type=\"container\">\n\t\t\t\t\t<div class=\"e-con-inner\">\n\t\t\t\t<div class=\"elementor-element elementor-element-b063ac8 elementor-align-center elementor-widget elementor-widget-button\" data-id=\"b063ac8\" data-element_type=\"widget\" data-widget_type=\"button.default\">\n\t\t\t\t<div class=\"elementor-widget-container\">\n\t\t\t\t\t<div class=\"elementor-button-wrapper\">\n\t\t\t<a class=\"elementor-button elementor-button-link elementor-size-sm\" href=\"#family\">\n\t\t\t\t\t\t<span class=\"elementor-button-content-wrapper\">\n\t\t\t\t\t\t<span class=\"elementor-button-icon\">\n\t\t\t\t<i aria-hidden=\"true\" class=\"fas fa-angle-double-down\"><\/i>\t\t\t<\/span>\n\t\t\t\t\t\t\t\t\t<span class=\"elementor-button-text\">Punimet tona<\/span>\n\t\t\t\t\t<\/span>\n\t\t\t\t\t<\/a>\n\t\t<\/div>\n\t\t\t\t<\/div>\n\t\t\t\t<\/div>\n\t\t\t\t\t<\/div>\n\t\t\t\t<\/div>\n\t\t\t\t\t<\/div>\n\t\t<\/div>\n\t\t\t\t\t<\/div>\n\t\t<\/section>\n\t\t<div class=\"elementor-element elementor-element-c4d39ad e-flex e-con-boxed e-con e-parent\" data-id=\"c4d39ad\" data-element_type=\"container\" data-settings=\"{&quot;background_background&quot;:&quot;classic&quot;}\">\n\t\t\t\t\t<div class=\"e-con-inner\">\n\t\t<div class=\"elementor-element elementor-element-fd9cc69 e-con-full elementor-hidden-tablet elementor-hidden-mobile e-flex e-con e-child\" data-id=\"fd9cc69\" data-element_type=\"container\">\n\t\t\t\t<div class=\"elementor-element elementor-element-664cb49 elementor-widget elementor-widget-image\" data-id=\"664cb49\" data-element_type=\"widget\" data-widget_type=\"image.default\">\n\t\t\t\t<div class=\"elementor-widget-container\">\n\t\t\t\t\t\t\t\t\t\t\t\t\t<img fetchpriority=\"high\" decoding=\"async\" width=\"580\" height=\"435\" src=\"https:\/\/premiumfurniture.al\/wp-content\/uploads\/2024\/08\/premium-furniture-categories-livingroom-4x3-1.jpg\" class=\"attachment-large size-large wp-image-244\" alt=\"\" srcset=\"https:\/\/premiumfurniture.al\/wp-content\/uploads\/2024\/08\/premium-furniture-categories-livingroom-4x3-1.jpg 960w, https:\/\/premiumfurniture.al\/wp-content\/uploads\/2024\/08\/premium-furniture-categories-livingroom-4x3-1-300x225.jpg 300w, https:\/\/premiumfurniture.al\/wp-content\/uploads\/2024\/08\/premium-furniture-categories-livingroom-4x3-1-768x576.jpg 768w, https:\/\/premiumfurniture.al\/wp-content\/uploads\/2024\/08\/premium-furniture-categories-livingroom-4x3-1-16x12.jpg 16w\" sizes=\"(max-width: 580px) 100vw, 580px\" \/>\t\t\t\t\t\t\t\t\t\t\t\t\t<\/div>\n\t\t\t\t<\/div>\n\t\t\t\t<\/div>\n\t\t<div class=\"elementor-element elementor-element-aa6f61e e-con-full e-flex e-con e-child\" data-id=\"aa6f61e\" data-element_type=\"container\">\n\t\t\t\t<div class=\"elementor-element elementor-element-3d48b02 elementor-widget elementor-widget-heading\" data-id=\"3d48b02\" data-element_type=\"widget\" data-widget_type=\"heading.default\">\n\t\t\t\t<div class=\"elementor-widget-container\">\n\t\t\t<h3 class=\"elementor-heading-title elementor-size-default\">Mir\u00eb se vini n\u00eb Premium Furniture<\/h3>\t\t<\/div>\n\t\t\t\t<\/div>\n\t\t\t\t<div class=\"elementor-element elementor-element-6f75139 elementor-hidden-desktop elementor-widget elementor-widget-image\" data-id=\"6f75139\" data-element_type=\"widget\" data-widget_type=\"image.default\">\n\t\t\t\t<div class=\"elementor-widget-container\">\n\t\t\t\t\t\t\t\t\t\t\t\t\t<img fetchpriority=\"high\" decoding=\"async\" width=\"580\" height=\"435\" src=\"https:\/\/premiumfurniture.al\/wp-content\/uploads\/2024\/08\/premium-furniture-categories-livingroom-4x3-1.jpg\" class=\"attachment-large size-large wp-image-244\" alt=\"\" srcset=\"https:\/\/premiumfurniture.al\/wp-content\/uploads\/2024\/08\/premium-furniture-categories-livingroom-4x3-1.jpg 960w, https:\/\/premiumfurniture.al\/wp-content\/uploads\/2024\/08\/premium-furniture-categories-livingroom-4x3-1-300x225.jpg 300w, https:\/\/premiumfurniture.al\/wp-content\/uploads\/2024\/08\/premium-furniture-categories-livingroom-4x3-1-768x576.jpg 768w, https:\/\/premiumfurniture.al\/wp-content\/uploads\/2024\/08\/premium-furniture-categories-livingroom-4x3-1-16x12.jpg 16w\" sizes=\"(max-width: 580px) 100vw, 580px\" \/>\t\t\t\t\t\t\t\t\t\t\t\t\t<\/div>\n\t\t\t\t<\/div>\n\t\t\t\t<div class=\"elementor-element elementor-element-51f8070 elementor-widget elementor-widget-text-editor\" data-id=\"51f8070\" data-element_type=\"widget\" data-widget_type=\"text-editor.default\">\n\t\t\t\t<div class=\"elementor-widget-container\">\n\t\t\t\t\t\t\t<p>N\u00eb Premium Furniture, ne transformojm\u00eb hap\u00ebsir\u00ebn tuaj me mobilje t\u00eb jasht\u00ebzakonshme dhe dizajn t\u00eb nivelit m\u00eb t\u00eb lart\u00eb. Koleksioni yn\u00eb kombinon luksin me funksionalitetin, duke siguruar q\u00eb sht\u00ebpia juaj t\u00eb reflektoj\u00eb stilin tuaj personal me sofistikimet q\u00eb d\u00ebshironi.<\/p><p>Ne jemi gati\u00a0q\u00eb t\u00eb realizojm\u00eb vizionin tuaj me sh\u00ebrbim t\u00eb jasht\u00ebzakonsh\u00ebm dhe dizajne elegante.<\/p>\t\t\t\t\t\t<\/div>\n\t\t\t\t<\/div>\n\t\t\t\t<div class=\"elementor-element elementor-element-4732b17 elementor-align-center elementor-widget elementor-widget-button\" data-id=\"4732b17\" data-element_type=\"widget\" data-widget_type=\"button.default\">\n\t\t\t\t<div class=\"elementor-widget-container\">\n\t\t\t\t\t<div class=\"elementor-button-wrapper\">\n\t\t\t<a class=\"elementor-button elementor-button-link elementor-size-sm\" href=\"tel:+355682044493\">\n\t\t\t\t\t\t<span class=\"elementor-button-content-wrapper\">\n\t\t\t\t\t\t<span class=\"elementor-button-icon\">\n\t\t\t\t<i aria-hidden=\"true\" class=\"fab fa-whatsapp\"><\/i>\t\t\t<\/span>\n\t\t\t\t\t\t\t\t\t<span class=\"elementor-button-text\">Le t\u00eb flasim!<\/span>\n\t\t\t\t\t<\/span>\n\t\t\t\t\t<\/a>\n\t\t<\/div>\n\t\t\t\t<\/div>\n\t\t\t\t<\/div>\n\t\t\t\t<\/div>\n\t\t\t\t\t<\/div>\n\t\t\t\t<\/div>\n\t\t<div class=\"elementor-element elementor-element-1c39e9e e-con-full e-flex e-con e-parent\" data-id=\"1c39e9e\" data-element_type=\"container\" id=\"family\" data-settings=\"{&quot;background_background&quot;:&quot;classic&quot;}\">\n\t\t<div class=\"elementor-element elementor-element-dee3b42 e-con-full e-flex e-con e-child\" data-id=\"dee3b42\" data-element_type=\"container\">\n\t\t<div class=\"elementor-element elementor-element-97504a2 e-con-full e-flex e-con e-child\" data-id=\"97504a2\" data-element_type=\"container\">\n\t\t\t\t<div class=\"elementor-element elementor-element-42d6a93 elementor-widget elementor-widget-text-editor\" data-id=\"42d6a93\" data-element_type=\"widget\" data-widget_type=\"text-editor.default\">\n\t\t\t\t<div class=\"elementor-widget-container\">\n\t\t\t\t\t\t\t<p>Krijojm\u00eb hap\u00ebsira t\u00eb p\u00ebrjetshme ku marrin form\u00eb kujtimet m\u00eb t\u00eb bukura t\u00eb familjes suaj!<\/p>\t\t\t\t\t\t<\/div>\n\t\t\t\t<\/div>\n\t\t\t\t<div class=\"elementor-element elementor-element-b1f6a4e no-margin elementor-widget elementor-widget-heading\" data-id=\"b1f6a4e\" data-element_type=\"widget\" data-widget_type=\"heading.default\">\n\t\t\t\t<div class=\"elementor-widget-container\">\n\t\t\t<h3 class=\"elementor-heading-title elementor-size-default\">P\u00cbR FAMILJE<\/h3>\t\t<\/div>\n\t\t\t\t<\/div>\n\t\t\t\t<\/div>\n\t\t<div class=\"elementor-element elementor-element-fdef652 e-con-full e-flex e-con e-child\" data-id=\"fdef652\" data-element_type=\"container\">\n\t\t<div class=\"elementor-element elementor-element-fbe6ad6 e-con-full e-flex e-con e-child\" data-id=\"fbe6ad6\" data-element_type=\"container\" data-settings=\"{&quot;background_background&quot;:&quot;classic&quot;}\">\n\t\t\t\t<div class=\"elementor-element elementor-element-06ef8a0 elementor-widget elementor-widget-heading\" data-id=\"06ef8a0\" data-element_type=\"widget\" data-widget_type=\"heading.default\">\n\t\t\t\t<div class=\"elementor-widget-container\">\n\t\t\t<h5 class=\"elementor-heading-title elementor-size-default\">Kuzhina<\/h5>\t\t<\/div>\n\t\t\t\t<\/div>\n\t\t\t\t<\/div>\n\t\t<div class=\"elementor-element elementor-element-d5e12f9 e-con-full e-flex e-con e-child\" data-id=\"d5e12f9\" data-element_type=\"container\" data-settings=\"{&quot;background_background&quot;:&quot;classic&quot;}\">\n\t\t\t\t<div class=\"elementor-element elementor-element-0d7fe8b elementor-widget elementor-widget-heading\" data-id=\"0d7fe8b\" data-element_type=\"widget\" data-widget_type=\"heading.default\">\n\t\t\t\t<div class=\"elementor-widget-container\">\n\t\t\t<h5 class=\"elementor-heading-title elementor-size-default\">Dhoma gjumi<\/h5>\t\t<\/div>\n\t\t\t\t<\/div>\n\t\t\t\t<\/div>\n\t\t<div class=\"elementor-element elementor-element-4ba42ef e-con-full e-flex e-con e-child\" data-id=\"4ba42ef\" data-element_type=\"container\" data-settings=\"{&quot;background_background&quot;:&quot;classic&quot;}\">\n\t\t\t\t<div class=\"elementor-element elementor-element-6cdcf63 elementor-widget elementor-widget-heading\" data-id=\"6cdcf63\" data-element_type=\"widget\" data-widget_type=\"heading.default\">\n\t\t\t\t<div class=\"elementor-widget-container\">\n\t\t\t<h5 class=\"elementor-heading-title elementor-size-default\">Dyer<\/h5>\t\t<\/div>\n\t\t\t\t<\/div>\n\t\t\t\t<\/div>\n\t\t<div class=\"elementor-element elementor-element-810dbcc e-con-full e-flex e-con e-child\" data-id=\"810dbcc\" data-element_type=\"container\" data-settings=\"{&quot;background_background&quot;:&quot;classic&quot;}\">\n\t\t\t\t<div class=\"elementor-element elementor-element-e4a3bbd elementor-widget elementor-widget-heading\" data-id=\"e4a3bbd\" data-element_type=\"widget\" data-widget_type=\"heading.default\">\n\t\t\t\t<div class=\"elementor-widget-container\">\n\t\t\t<h5 class=\"elementor-heading-title elementor-size-default\">Tualete<\/h5>\t\t<\/div>\n\t\t\t\t<\/div>\n\t\t\t\t<\/div>\n\t\t<div class=\"elementor-element elementor-element-25a37b7 e-con-full e-flex e-con e-child\" data-id=\"25a37b7\" data-element_type=\"container\" data-settings=\"{&quot;background_background&quot;:&quot;classic&quot;}\">\n\t\t\t\t<div class=\"elementor-element elementor-element-ee35696 elementor-widget elementor-widget-heading\" data-id=\"ee35696\" data-element_type=\"widget\" data-widget_type=\"heading.default\">\n\t\t\t\t<div class=\"elementor-widget-container\">\n\t\t\t<h5 class=\"elementor-heading-title elementor-size-default\">Shkall\u00eb<\/h5>\t\t<\/div>\n\t\t\t\t<\/div>\n\t\t\t\t<\/div>\n\t\t\t\t<\/div>\n\t\t<div class=\"elementor-element elementor-element-0400865 e-con-full e-flex e-con e-child\" data-id=\"0400865\" data-element_type=\"container\">\n\t\t\t\t<div class=\"elementor-element elementor-element-1997c92 elementor-align-center elementor-widget elementor-widget-button\" data-id=\"1997c92\" data-element_type=\"widget\" data-widget_type=\"button.default\">\n\t\t\t\t<div class=\"elementor-widget-container\">\n\t\t\t\t\t<div class=\"elementor-button-wrapper\">\n\t\t\t<a class=\"elementor-button elementor-button-link elementor-size-sm\" href=\"tel:+355682044493\">\n\t\t\t\t\t\t<span class=\"elementor-button-content-wrapper\">\n\t\t\t\t\t\t<span class=\"elementor-button-icon\">\n\t\t\t\t<i aria-hidden=\"true\" class=\"far fa-image\"><\/i>\t\t\t<\/span>\n\t\t\t\t\t\t\t\t\t<span class=\"elementor-button-text\">Punimet tona<\/span>\n\t\t\t\t\t<\/span>\n\t\t\t\t\t<\/a>\n\t\t<\/div>\n\t\t\t\t<\/div>\n\t\t\t\t<\/div>\n\t\t\t\t<div class=\"elementor-element elementor-element-008c0ae elementor-align-center elementor-widget elementor-widget-button\" data-id=\"008c0ae\" data-element_type=\"widget\" data-widget_type=\"button.default\">\n\t\t\t\t<div class=\"elementor-widget-container\">\n\t\t\t\t\t<div class=\"elementor-button-wrapper\">\n\t\t\t<a class=\"elementor-button elementor-button-link elementor-size-sm\" href=\"tel:+355682044493\">\n\t\t\t\t\t\t<span class=\"elementor-button-content-wrapper\">\n\t\t\t\t\t\t<span class=\"elementor-button-icon\">\n\t\t\t\t<i aria-hidden=\"true\" class=\"fab fa-whatsapp\"><\/i>\t\t\t<\/span>\n\t\t\t\t\t\t\t\t\t<span class=\"elementor-button-text\">Lini nj\u00eb takim<\/span>\n\t\t\t\t\t<\/span>\n\t\t\t\t\t<\/a>\n\t\t<\/div>\n\t\t\t\t<\/div>\n\t\t\t\t<\/div>\n\t\t\t\t<\/div>\n\t\t\t\t<\/div>\n\t\t\t\t<\/div>\n\t\t<div class=\"elementor-element elementor-element-cfff34f e-con-full e-flex e-con e-parent\" data-id=\"cfff34f\" data-element_type=\"container\" data-settings=\"{&quot;background_background&quot;:&quot;classic&quot;}\">\n\t\t<div class=\"elementor-element elementor-element-b417dfc e-con-full e-flex e-con e-child\" data-id=\"b417dfc\" data-element_type=\"container\">\n\t\t<div class=\"elementor-element elementor-element-ddbc3e5 e-con-full e-flex e-con e-child\" data-id=\"ddbc3e5\" data-element_type=\"container\">\n\t\t\t\t<div class=\"elementor-element elementor-element-91ca8bd elementor-widget elementor-widget-text-editor\" data-id=\"91ca8bd\" data-element_type=\"widget\" data-widget_type=\"text-editor.default\">\n\t\t\t\t<div class=\"elementor-widget-container\">\n\t\t\t\t\t\t\t<p>Dizenjojm\u00eb mjedise t\u00eb sofistikuara q\u00eb p\u00ebrmir\u00ebsojn\u00eb pamjen tuaj profesionale.<\/p>\t\t\t\t\t\t<\/div>\n\t\t\t\t<\/div>\n\t\t\t\t<div class=\"elementor-element elementor-element-9d2b5d7 no-margin elementor-widget elementor-widget-heading\" data-id=\"9d2b5d7\" data-element_type=\"widget\" data-widget_type=\"heading.default\">\n\t\t\t\t<div class=\"elementor-widget-container\">\n\t\t\t<h3 class=\"elementor-heading-title elementor-size-default\">P\u00cbR BIZNESE<\/h3>\t\t<\/div>\n\t\t\t\t<\/div>\n\t\t\t\t<\/div>\n\t\t<div class=\"elementor-element elementor-element-afae814 e-con-full e-flex e-con e-child\" data-id=\"afae814\" data-element_type=\"container\">\n\t\t<div class=\"elementor-element elementor-element-4e9008f e-con-full e-flex e-con e-child\" data-id=\"4e9008f\" data-element_type=\"container\" data-settings=\"{&quot;background_background&quot;:&quot;classic&quot;}\">\n\t\t\t\t<div class=\"elementor-element elementor-element-b35ca8a elementor-widget elementor-widget-heading\" data-id=\"b35ca8a\" data-element_type=\"widget\" data-widget_type=\"heading.default\">\n\t\t\t\t<div class=\"elementor-widget-container\">\n\t\t\t<h5 class=\"elementor-heading-title elementor-size-default\">Arredim<\/h5>\t\t<\/div>\n\t\t\t\t<\/div>\n\t\t\t\t<\/div>\n\t\t<div class=\"elementor-element elementor-element-ee3cb22 e-con-full e-flex e-con e-child\" data-id=\"ee3cb22\" data-element_type=\"container\" data-settings=\"{&quot;background_background&quot;:&quot;classic&quot;}\">\n\t\t\t\t<div class=\"elementor-element elementor-element-fee39d4 elementor-widget elementor-widget-heading\" data-id=\"fee39d4\" data-element_type=\"widget\" data-widget_type=\"heading.default\">\n\t\t\t\t<div class=\"elementor-widget-container\">\n\t\t\t<h5 class=\"elementor-heading-title elementor-size-default\">Hotele<\/h5>\t\t<\/div>\n\t\t\t\t<\/div>\n\t\t\t\t<\/div>\n\t\t<div class=\"elementor-element elementor-element-ba575d5 e-con-full e-flex e-con e-child\" data-id=\"ba575d5\" data-element_type=\"container\" data-settings=\"{&quot;background_background&quot;:&quot;classic&quot;}\">\n\t\t\t\t<div class=\"elementor-element elementor-element-e9c1035 elementor-widget elementor-widget-heading\" data-id=\"e9c1035\" data-element_type=\"widget\" data-widget_type=\"heading.default\">\n\t\t\t\t<div class=\"elementor-widget-container\">\n\t\t\t<h5 class=\"elementor-heading-title elementor-size-default\">Bar & Restorant<\/h5>\t\t<\/div>\n\t\t\t\t<\/div>\n\t\t\t\t<\/div>\n\t\t<div class=\"elementor-element elementor-element-e393f36 e-con-full e-flex e-con e-child\" data-id=\"e393f36\" data-element_type=\"container\" data-settings=\"{&quot;background_background&quot;:&quot;classic&quot;}\">\n\t\t\t\t<div class=\"elementor-element elementor-element-1768e43 elementor-widget elementor-widget-heading\" data-id=\"1768e43\" data-element_type=\"widget\" data-widget_type=\"heading.default\">\n\t\t\t\t<div class=\"elementor-widget-container\">\n\t\t\t<h5 class=\"elementor-heading-title elementor-size-default\">Skenografi<\/h5>\t\t<\/div>\n\t\t\t\t<\/div>\n\t\t\t\t<\/div>\n\t\t<div class=\"elementor-element elementor-element-a3fd2ca e-con-full e-flex e-con e-child\" data-id=\"a3fd2ca\" data-element_type=\"container\" data-settings=\"{&quot;background_background&quot;:&quot;classic&quot;}\">\n\t\t\t\t<div class=\"elementor-element elementor-element-820ada6 elementor-widget elementor-widget-heading\" data-id=\"820ada6\" data-element_type=\"widget\" data-widget_type=\"heading.default\">\n\t\t\t\t<div class=\"elementor-widget-container\">\n\t\t\t<h5 class=\"elementor-heading-title elementor-size-default\">Dekor<\/h5>\t\t<\/div>\n\t\t\t\t<\/div>\n\t\t\t\t<\/div>\n\t\t\t\t<\/div>\n\t\t<div class=\"elementor-element elementor-element-1d76012 e-con-full e-flex e-con e-child\" data-id=\"1d76012\" data-element_type=\"container\">\n\t\t\t\t<div class=\"elementor-element elementor-element-1728aa0 elementor-align-center elementor-widget elementor-widget-button\" data-id=\"1728aa0\" data-element_type=\"widget\" data-widget_type=\"button.default\">\n\t\t\t\t<div class=\"elementor-widget-container\">\n\t\t\t\t\t<div class=\"elementor-button-wrapper\">\n\t\t\t<a class=\"elementor-button elementor-button-link elementor-size-sm\" href=\"tel:+355682044493\">\n\t\t\t\t\t\t<span class=\"elementor-button-content-wrapper\">\n\t\t\t\t\t\t<span class=\"elementor-button-icon\">\n\t\t\t\t<i aria-hidden=\"true\" class=\"far fa-image\"><\/i>\t\t\t<\/span>\n\t\t\t\t\t\t\t\t\t<span class=\"elementor-button-text\">Punimet tona<\/span>\n\t\t\t\t\t<\/span>\n\t\t\t\t\t<\/a>\n\t\t<\/div>\n\t\t\t\t<\/div>\n\t\t\t\t<\/div>\n\t\t\t\t<div class=\"elementor-element elementor-element-ce8b078 elementor-align-center elementor-widget elementor-widget-button\" data-id=\"ce8b078\" data-element_type=\"widget\" data-widget_type=\"button.default\">\n\t\t\t\t<div class=\"elementor-widget-container\">\n\t\t\t\t\t<div class=\"elementor-button-wrapper\">\n\t\t\t<a class=\"elementor-button elementor-button-link elementor-size-sm\" href=\"tel:+355682044493\">\n\t\t\t\t\t\t<span class=\"elementor-button-content-wrapper\">\n\t\t\t\t\t\t<span class=\"elementor-button-icon\">\n\t\t\t\t<i aria-hidden=\"true\" class=\"fab fa-whatsapp\"><\/i>\t\t\t<\/span>\n\t\t\t\t\t\t\t\t\t<span class=\"elementor-button-text\">Lini nj\u00eb takim<\/span>\n\t\t\t\t\t<\/span>\n\t\t\t\t\t<\/a>\n\t\t<\/div>\n\t\t\t\t<\/div>\n\t\t\t\t<\/div>\n\t\t\t\t<\/div>\n\t\t\t\t<\/div>\n\t\t\t\t<\/div>\n\t\t\t\t<\/div>\n\t\t","protected":false},"excerpt":{"rendered":"<p>Kur mendon p\u00ebr arredimin e ambientit t\u00ebnd mendo PREMIUM EST. 1995 Punimet tona Mir\u00eb se vini n\u00eb Premium Furniture N\u00eb Premium Furniture, ne transformojm\u00eb hap\u00ebsir\u00ebn tuaj me mobilje t\u00eb jasht\u00ebzakonshme dhe dizajn t\u00eb nivelit m\u00eb t\u00eb lart\u00eb. Koleksioni yn\u00eb kombinon luksin me funksionalitetin, duke siguruar q\u00eb sht\u00ebpia juaj t\u00eb reflektoj\u00eb stilin tuaj personal me sofistikimet [&hellip;]<\/p>\n","protected":false},"author":1,"featured_media":0,"parent":0,"menu_order":0,"comment_status":"closed","ping_status":"closed","template":"elementor_header_footer","meta":{"footnotes":""},"class_list":["post-27","page","type-page","status-publish","hentry"],"_links":{"self":[{"href":"https:\/\/premiumfurniture.al\/sq\/wp-json\/wp\/v2\/pages\/27"}],"collection":[{"href":"https:\/\/premiumfurniture.al\/sq\/wp-json\/wp\/v2\/pages"}],"about":[{"href":"https:\/\/premiumfurniture.al\/sq\/wp-json\/wp\/v2\/types\/page"}],"author":[{"embeddable":true,"href":"https:\/\/premiumfurniture.al\/sq\/wp-json\/wp\/v2\/users\/1"}],"replies":[{"embeddable":true,"href":"https:\/\/premiumfurniture.al\/sq\/wp-json\/wp\/v2\/comments?post=27"}],"version-history":[{"count":104,"href":"https:\/\/premiumfurniture.al\/sq\/wp-json\/wp\/v2\/pages\/27\/revisions"}],"predecessor-version":[{"id":301,"href":"https:\/\/premiumfurniture.al\/sq\/wp-json\/wp\/v2\/pages\/27\/revisions\/301"}],"wp:attachment":[{"href":"https:\/\/premiumfurniture.al\/sq\/wp-json\/wp\/v2\/media?parent=27"}],"curies":[{"name":"wp","href":"https:\/\/api.w.org\/{rel}","templated":true}]}}